{"id":26,"date":"2022-07-07T13:07:53","date_gmt":"2022-07-07T11:07:53","guid":{"rendered":"https:\/\/grupcodex.com\/?page_id=26"},"modified":"2022-07-13T10:17:08","modified_gmt":"2022-07-13T08:17:08","slug":"avis-legal","status":"publish","type":"page","link":"https:\/\/grupcodex.com\/es\/avis-legal\/","title":{"rendered":"Av\u00eds legal"},"content":{"rendered":"<div data-elementor-type=\"wp-page\" data-elementor-id=\"26\" class=\"elementor elementor-26\" data-elementor-post-type=\"page\">\n\t\t\t\t\t\t<section class=\"elementor-section elementor-top-section elementor-element elementor-element-7c65aa0 elementor-section-boxed elementor-section-height-default elementor-section-height-default\" data-id=\"7c65aa0\" data-element_type=\"section\">\n\t\t\t\t\t\t<div class=\"elementor-container elementor-column-gap-default\">\n\t\t\t\t\t<div class=\"elementor-column elementor-col-100 elementor-top-column elementor-element elementor-element-b9ab11d\" data-id=\"b9ab11d\" data-element_type=\"column\">\n\t\t\t<div class=\"elementor-widget-wrap elementor-element-populated\">\n\t\t\t\t\t\t<div class=\"elementor-element elementor-element-46fb12f elementor-widget elementor-widget-text-editor\" data-id=\"46fb12f\" data-element_type=\"widget\" data-widget_type=\"text-editor.default\">\n\t\t\t\t<div class=\"elementor-widget-container\">\n\t\t\t\t\t\t\t\t\t<p><strong>AV\u00cdS LEGAL<\/strong><\/p><p>En compliment dels Articles 5 i 6 establerts a la Llei org\u00e0nica 15\/1999, de 13 de desembre, de protecci\u00f3 de Dades de Car\u00e0cter Personal, i el Reglament 1720\/2007 de 21 de desembre, us informem que, en introduir les vostres dades personals en aquesta p\u00e0gina web quedaran incorporats a un arxiu propietat de Codex-U, amb la finalitat de prestar els serveis sol\u00b7licitats. Les dades obtingudes s\u00f3n les pertinents per a la finalitat per la qual s&#8217;han recollit i compleixen la normativa vigent de protecci\u00f3 de dades garantint les mesures de seguretat i confidencialitat en el seu tractament.<\/p><p>Aquestes dades podran ser utilitzades per enviar informaci\u00f3 dels nostres productes i serveis.<\/p><p>Informem de la possibilitat d&#8217;exercir els drets d&#8217;acc\u00e9s, rectificaci\u00f3, cancel\u00b7laci\u00f3 i oposici\u00f3 de les vostres dades.<\/p><p>A m\u00e9s, en compliment de la Llei 34\/2002, d&#8217;11 de juliol, de Serveis de la Societat de la Informaci\u00f3 i de Comer\u00e7 electr\u00f2nic, informem que la nostra p\u00e0gina web t\u00e9 com a objectiu establir un canal d&#8217;informaci\u00f3 i serveis entre els seus clients i empleats a mitjan\u00e7ant Internet.<\/p>\t\t\t\t\t\t\t\t<\/div>\n\t\t\t\t<\/div>\n\t\t\t\t\t<\/div>\n\t\t<\/div>\n\t\t\t\t\t<\/div>\n\t\t<\/section>\n\t\t\t\t<\/div>","protected":false},"excerpt":{"rendered":"<p>AV\u00cdS LEGAL En compliment dels Articles 5 i 6 establerts a la Llei org\u00e0nica 15\/1999, de 13 de desembre, de protecci\u00f3 de Dades de Car\u00e0cter Personal, i el Reglament 1720\/2007 de 21 de desembre, us informem que, en introduir les vostres dades personals en aquesta p\u00e0gina web quedaran incorporats a un arxiu propietat de Codex-U, [&hellip;]<\/p>","protected":false},"author":1,"featured_media":0,"parent":0,"menu_order":0,"comment_status":"closed","ping_status":"closed","template":"","meta":{"footnotes":""},"class_list":["post-26","page","type-page","status-publish","hentry"],"yoast_head":"<!-- This site is optimized with the Yoast SEO plugin v25.4 - https:\/\/yoast.com\/wordpress\/plugins\/seo\/ -->\n<title>Av\u00eds legal - Grup Codex-U<\/title>\n<meta name=\"robots\" content=\"index, follow, max-snippet:-1, max-image-preview:large, max-video-preview:-1\" \/>\n<link rel=\"canonical\" href=\"https:\/\/grupcodex.com\/es\/avis-legal\/\" \/>\n<meta property=\"og:locale\" content=\"es_ES\" \/>\n<meta property=\"og:type\" content=\"article\" \/>\n<meta property=\"og:title\" content=\"Av\u00eds legal - Grup Codex-U\" \/>\n<meta property=\"og:description\" content=\"AV\u00cdS LEGAL En compliment dels Articles 5 i 6 establerts a la Llei org\u00e0nica 15\/1999, de 13 de desembre, de protecci\u00f3 de Dades de Car\u00e0cter Personal, i el Reglament 1720\/2007 de 21 de desembre, us informem que, en introduir les vostres dades personals en aquesta p\u00e0gina web quedaran incorporats a un arxiu propietat de Codex-U, [&hellip;]\" \/>\n<meta property=\"og:url\" content=\"https:\/\/grupcodex.com\/es\/avis-legal\/\" \/>\n<meta property=\"og:site_name\" content=\"Grup Codex-U\" \/>\n<meta property=\"article:modified_time\" content=\"2022-07-13T08:17:08+00:00\" \/>\n<meta name=\"twitter:card\" content=\"summary_large_image\" \/>\n<meta name=\"twitter:label1\" content=\"Tiempo de lectura\" \/>\n\t<meta name=\"twitter:data1\" content=\"1 minuto\" \/>\n<script type=\"application\/ld+json\" class=\"yoast-schema-graph\">{\"@context\":\"https:\/\/schema.org\",\"@graph\":[{\"@type\":\"WebPage\",\"@id\":\"https:\/\/grupcodex.com\/avis-legal\/\",\"url\":\"https:\/\/grupcodex.com\/avis-legal\/\",\"name\":\"Av\u00eds legal - Grup Codex-U\",\"isPartOf\":{\"@id\":\"https:\/\/grupcodex.com\/#website\"},\"datePublished\":\"2022-07-07T11:07:53+00:00\",\"dateModified\":\"2022-07-13T08:17:08+00:00\",\"breadcrumb\":{\"@id\":\"https:\/\/grupcodex.com\/avis-legal\/#breadcrumb\"},\"inLanguage\":\"es\",\"potentialAction\":[{\"@type\":\"ReadAction\",\"target\":[\"https:\/\/grupcodex.com\/avis-legal\/\"]}]},{\"@type\":\"BreadcrumbList\",\"@id\":\"https:\/\/grupcodex.com\/avis-legal\/#breadcrumb\",\"itemListElement\":[{\"@type\":\"ListItem\",\"position\":1,\"name\":\"Inici\",\"item\":\"https:\/\/grupcodex.com\/\"},{\"@type\":\"ListItem\",\"position\":2,\"name\":\"Av\u00eds legal\"}]},{\"@type\":\"WebSite\",\"@id\":\"https:\/\/grupcodex.com\/#website\",\"url\":\"https:\/\/grupcodex.com\/\",\"name\":\"Grup Codex-U\",\"description\":\"Mobilitat sostenible i medi ambient\",\"publisher\":{\"@id\":\"https:\/\/grupcodex.com\/#organization\"},\"potentialAction\":[{\"@type\":\"SearchAction\",\"target\":{\"@type\":\"EntryPoint\",\"urlTemplate\":\"https:\/\/grupcodex.com\/?s={search_term_string}\"},\"query-input\":{\"@type\":\"PropertyValueSpecification\",\"valueRequired\":true,\"valueName\":\"search_term_string\"}}],\"inLanguage\":\"es\"},{\"@type\":\"Organization\",\"@id\":\"https:\/\/grupcodex.com\/#organization\",\"name\":\"Grup Codex\",\"url\":\"https:\/\/grupcodex.com\/\",\"logo\":{\"@type\":\"ImageObject\",\"inLanguage\":\"es\",\"@id\":\"https:\/\/grupcodex.com\/#\/schema\/logo\/image\/\",\"url\":\"https:\/\/grupcodex.com\/wp-content\/uploads\/2022\/07\/FAV.png\",\"contentUrl\":\"https:\/\/grupcodex.com\/wp-content\/uploads\/2022\/07\/FAV.png\",\"width\":75,\"height\":75,\"caption\":\"Grup Codex\"},\"image\":{\"@id\":\"https:\/\/grupcodex.com\/#\/schema\/logo\/image\/\"}}]}<\/script>\n<!-- \/ Yoast SEO plugin. -->","yoast_head_json":{"title":"Av\u00eds legal - Grup Codex-U","robots":{"index":"index","follow":"follow","max-snippet":"max-snippet:-1","max-image-preview":"max-image-preview:large","max-video-preview":"max-video-preview:-1"},"canonical":"https:\/\/grupcodex.com\/es\/avis-legal\/","og_locale":"es_ES","og_type":"article","og_title":"Av\u00eds legal - Grup Codex-U","og_description":"AV\u00cdS LEGAL En compliment dels Articles 5 i 6 establerts a la Llei org\u00e0nica 15\/1999, de 13 de desembre, de protecci\u00f3 de Dades de Car\u00e0cter Personal, i el Reglament 1720\/2007 de 21 de desembre, us informem que, en introduir les vostres dades personals en aquesta p\u00e0gina web quedaran incorporats a un arxiu propietat de Codex-U, [&hellip;]","og_url":"https:\/\/grupcodex.com\/es\/avis-legal\/","og_site_name":"Grup Codex-U","article_modified_time":"2022-07-13T08:17:08+00:00","twitter_card":"summary_large_image","twitter_misc":{"Tiempo de lectura":"1 minuto"},"schema":{"@context":"https:\/\/schema.org","@graph":[{"@type":"WebPage","@id":"https:\/\/grupcodex.com\/avis-legal\/","url":"https:\/\/grupcodex.com\/avis-legal\/","name":"Av\u00eds legal - Grup Codex-U","isPartOf":{"@id":"https:\/\/grupcodex.com\/#website"},"datePublished":"2022-07-07T11:07:53+00:00","dateModified":"2022-07-13T08:17:08+00:00","breadcrumb":{"@id":"https:\/\/grupcodex.com\/avis-legal\/#breadcrumb"},"inLanguage":"es","potentialAction":[{"@type":"ReadAction","target":["https:\/\/grupcodex.com\/avis-legal\/"]}]},{"@type":"BreadcrumbList","@id":"https:\/\/grupcodex.com\/avis-legal\/#breadcrumb","itemListElement":[{"@type":"ListItem","position":1,"name":"Inici","item":"https:\/\/grupcodex.com\/"},{"@type":"ListItem","position":2,"name":"Av\u00eds legal"}]},{"@type":"WebSite","@id":"https:\/\/grupcodex.com\/#website","url":"https:\/\/grupcodex.com\/","name":"Grup Codex-U","description":"Mobilitat sostenible i medi ambient","publisher":{"@id":"https:\/\/grupcodex.com\/#organization"},"potentialAction":[{"@type":"SearchAction","target":{"@type":"EntryPoint","urlTemplate":"https:\/\/grupcodex.com\/?s={search_term_string}"},"query-input":{"@type":"PropertyValueSpecification","valueRequired":true,"valueName":"search_term_string"}}],"inLanguage":"es"},{"@type":"Organization","@id":"https:\/\/grupcodex.com\/#organization","name":"Grup Codex","url":"https:\/\/grupcodex.com\/","logo":{"@type":"ImageObject","inLanguage":"es","@id":"https:\/\/grupcodex.com\/#\/schema\/logo\/image\/","url":"https:\/\/grupcodex.com\/wp-content\/uploads\/2022\/07\/FAV.png","contentUrl":"https:\/\/grupcodex.com\/wp-content\/uploads\/2022\/07\/FAV.png","width":75,"height":75,"caption":"Grup Codex"},"image":{"@id":"https:\/\/grupcodex.com\/#\/schema\/logo\/image\/"}}]}},"_links":{"self":[{"href":"https:\/\/grupcodex.com\/es\/wp-json\/wp\/v2\/pages\/26","targetHints":{"allow":["GET"]}}],"collection":[{"href":"https:\/\/grupcodex.com\/es\/wp-json\/wp\/v2\/pages"}],"about":[{"href":"https:\/\/grupcodex.com\/es\/wp-json\/wp\/v2\/types\/page"}],"author":[{"embeddable":true,"href":"https:\/\/grupcodex.com\/es\/wp-json\/wp\/v2\/users\/1"}],"replies":[{"embeddable":true,"href":"https:\/\/grupcodex.com\/es\/wp-json\/wp\/v2\/comments?post=26"}],"version-history":[{"count":0,"href":"https:\/\/grupcodex.com\/es\/wp-json\/wp\/v2\/pages\/26\/revisions"}],"wp:attachment":[{"href":"https:\/\/grupcodex.com\/es\/wp-json\/wp\/v2\/media?parent=26"}],"curies":[{"name":"wp","href":"https:\/\/api.w.org\/{rel}","templated":true}]}}