{"id":28,"date":"2022-07-07T13:08:01","date_gmt":"2022-07-07T11:08:01","guid":{"rendered":"https:\/\/grupcodex.com\/?page_id=28"},"modified":"2022-07-13T10:19:19","modified_gmt":"2022-07-13T08:19:19","slug":"politica-de-cookies","status":"publish","type":"page","link":"https:\/\/grupcodex.com\/es\/politica-de-cookies\/","title":{"rendered":"Pol\u00edtica de cookies"},"content":{"rendered":"<div data-elementor-type=\"wp-page\" data-elementor-id=\"28\" class=\"elementor elementor-28\" data-elementor-post-type=\"page\">\n\t\t\t\t\t\t<section class=\"elementor-section elementor-top-section elementor-element elementor-element-cc9551a elementor-section-boxed elementor-section-height-default elementor-section-height-default\" data-id=\"cc9551a\" data-element_type=\"section\">\n\t\t\t\t\t\t<div class=\"elementor-container elementor-column-gap-default\">\n\t\t\t\t\t<div class=\"elementor-column elementor-col-100 elementor-top-column elementor-element elementor-element-b934ff6\" data-id=\"b934ff6\" data-element_type=\"column\">\n\t\t\t<div class=\"elementor-widget-wrap elementor-element-populated\">\n\t\t\t\t\t\t<div class=\"elementor-element elementor-element-4146235 elementor-widget elementor-widget-text-editor\" data-id=\"4146235\" data-element_type=\"widget\" data-widget_type=\"text-editor.default\">\n\t\t\t\t<div class=\"elementor-widget-container\">\n\t\t\t\t\t\t\t\t\t<h5 class=\"titulo-seccion titulo-componente-texto\">POLITICA DE COOKIES<\/h5><div id=\"componente-texto-127\" class=\"componente-texto componente-texto-\"><div class=\"texto-seccion\"><p>En Codex-U utilizamos cookies con el objetivo de prestar un mejor servicio y proporcionarte una mejor experiencia en tu navegaci\u00f3n. Queremos informarte de manera clara y precisa sobre las cookies que utilizamos, detallando a continuaci\u00f3n qu\u00e9 es una cookie, para qu\u00e9 sirve, qu\u00e9 tipos de cookies utilizamos, cu\u00e1l es su finalidad y c\u00f3mo puedes configurarlas o deshabilitarlas si as\u00ed lo deseas.<\/p><p><strong>\u00bfQu\u00e9 es una cookie y para qu\u00e9 sirve?<\/strong><\/p><p>Una cookie es un peque\u00f1o archivo que se almacena en el ordenador del usuario, Tablet, Smartphone o cualquier otro dispositivo con informaci\u00f3n sobre la navegaci\u00f3n.<\/p><p>El conjunto de cookies de todos nuestros usuarios nos ayuda a mejorar la calidad de nuestra web, permiti\u00e9ndonos controlar qu\u00e9 p\u00e1ginas son \u00fatiles y cu\u00e1les son o no susceptibles de mejora.<\/p><p>Las cookies son esenciales para el funcionamiento de internet, a portando innombrables ventajas en la prestaci\u00f3n de servicios interactivos, facilitando la navegaci\u00f3n y uso de nuestra web. En ning\u00fan caso las cookies podr\u00edan malmeter tu equipo. Por el contrario, el que est\u00e9 activas nos ayuda a identificar y resolver los errores.<\/p><p><strong>\u00bfQu\u00e9 tipo de cookies utilizamos?<\/strong><\/p><p>\u00a0SEG\u00daN LA ENTIDAD QUE LA GESTIONA<\/p><p>Cookies propias:<\/p><p>Son aquellas que se env\u00edan a tu equipo desde nuestros propios equipos o dominios y desde los cuales prestamos el servicio que nos pides.<\/p><p>Cookies de terceros:<\/p><p>Son aquellas que se env\u00edan a tu equipo desde un equipo o dominio que no est\u00e1 gestionado por nosotros, sino por otra entidad colaboradora como, por ejemplo, las usadas por redes sociales o por contenido<\/p><p>SEG\u00daN EL TIEMPO QUE PERMANECEN ACTIVADAS<\/p><p>Cookies de sesi\u00f3n:<\/p><p>Son cookies temporales que permanecen en el archivo de cookies hasta que abandonas la p\u00e1gina web, de manera que ninguna queda registrada en el disco duro de tu ordenador. La informaci\u00f3n obtenida por medio de estas cookies sirve para analizar pautas de tr\u00e1nsito en la web. A la larga, esto nos permite proporcionar una mejor experiencia para mejorar el contenido y facilitar su uso.<\/p><p>\u00a0Cookies persistentes:<\/p><p>Son almacenadas en el disco duro y nuestra web las lee cada vez que haces una nueva visita. Una web permanente posee una fecha de expiraci\u00f3n determinada. La cookie dejar\u00e1 de funcionar despu\u00e9s de esta fecha. Estas cookies las usamos, generalmente para facilitar los servicios de compra y registro.<\/p><p>SEG\u00daN SU FINALIDAD<\/p><p>Cookies t\u00e9cnicas:<\/p><p>Son aquellas necesarias para la navegaci\u00f3n y el buen funcionamiento de nuestra p\u00e1gina web. Permiten, por ejemplo, controlar el tr\u00e1nsito y la comunicaci\u00f3n de datos, acceder a partes de acceso restringido, realizar el proceso de compra de un pedido, utilizar elementos de seguridad, almacenar contenidos para poder difundir videos o compartir contenidos a trav\u00e9s de redes sociales.<\/p><p>Cookies de personalizaci\u00f3n:<\/p><p>Son aquellas que te permiten acceder al servicio con unas caracter\u00edsticas predefinidas en funci\u00f3n de una serie de criterios, como el idioma, el tipo de navegador mediante el que se accede al servicio, la configuraci\u00f3n regional desde donde se accede al servicio, etc.<\/p><p>Cookies de an\u00e1lisis:<\/p><p>Son aquellas que nos permiten cuantificar el n\u00famero de usuarios y as\u00ed realizar la medida y an\u00e1lisis estad\u00edstico del uso que hacen los usuarios de los servicios prestados. Por eso se analiza su navegaci\u00f3n a nuestra p\u00e1gina web para mejorar la oferta de productos y los servicios que ofrecemos.<\/p><p>Cookies publicitarias:<\/p><p>Son aquellas que permiten la gesti\u00f3n, de la forma m\u00e1s eficaz posible, de los espacios publicitarios que se puedan incluir en nuestra p\u00e1gina web.<\/p><p>Cookies de publicidad comportamental:<\/p><p>Estas cookies almacenan informaci\u00f3n del comportamiento de los usuarios obtenida a trav\u00e9s de la observaci\u00f3n continuada. Gracias a ellas podemos conocer los h\u00e1bitos de navegaci\u00f3n a internet y mostrar publicidad relacionada con tu perfil de navegaci\u00f3n.<\/p><p><strong>\u00bfC\u00f3mo puedes configurar o desactivar las cookies?<\/strong><\/p><p>Puedes permitir, bloquear o eliminar las cookies instaladas en tu equipo mediante la configuraci\u00f3n de las opciones del navegador de Internet. En caso de que no permitas la instalaci\u00f3n de cookies en tu navegador, es posible que no puedas acceder a algunos de los servicios y que tu experiencia en nuestra web pueda resultar menos satisfactoria. En los siguientes enlaces tienes a tu disposici\u00f3n toda la informaci\u00f3n para configurar o desactivar las cookies en cada navegador.<\/p><p>&#8211;\u00a0<a href=\"https:\/\/support.google.com\/chrome\/answer\/95647?hl=es\" target=\"_blank\" rel=\"nofollow noopener\">Google Chrome<\/a><\/p><p>&#8211;\u00a0<a href=\"https:\/\/support.mozilla.org\/es\/kb\/habilitar-y-deshabilitar-cookies-que-los-sitios-we\" target=\"_blank\" rel=\"nofollow noopener\">Mozilla Firefox<\/a><\/p><p>&#8211;\u00a0<a href=\"http:\/\/windows.microsoft.com\/es-es\/windows-vista\/block-or-allow-cookies\" target=\"_blank\" rel=\"nofollow noopener\">Internet Explorer<\/a><\/p><p>&#8211;\u00a0<a href=\"http:\/\/support.apple.com\/kb\/ph5042?viewlocale=es_es\" target=\"_blank\" rel=\"nofollow noopener\">Safari<\/a><\/p><p>&#8211;\u00a0<a href=\"http:\/\/support.apple.com\/kb\/ht1677?viewlocale=es_es\" target=\"_blank\" rel=\"nofollow noopener\">Safari para IOS (iPhone y iPad)<\/a><\/p><p>&#8211;\u00a0<a href=\"https:\/\/support.google.com\/chrome\/answer\/2392971?hl=es\" target=\"_blank\" rel=\"nofollow noopener\">Chrome para Android<\/a><\/p><p>Nosotros nunca guardamos los datos personales de nuestros usuarios, a excepci\u00f3n de la direcci\u00f3n IP, de acuerdo con lo descrito anteriormente, salvo que quieras registrarte de forma voluntaria para realizar compras de los productos y servicios que ponemos a tu disposici\u00f3n, o de recibir informaci\u00f3n sobre promociones y contenidos de tu inter\u00e9s.<\/p><p>Navegando y continuando en nuestra web nos indicas que est\u00e1s consintiendo el uso de las cookies enunciadas y en las condiciones obtenidas en la presente pol\u00edtica de cookies.<\/p><p>\u00a0<\/p><\/div><\/div>\t\t\t\t\t\t\t\t<\/div>\n\t\t\t\t<\/div>\n\t\t\t\t\t<\/div>\n\t\t<\/div>\n\t\t\t\t\t<\/div>\n\t\t<\/section>\n\t\t\t\t<\/div>","protected":false},"excerpt":{"rendered":"<p>POLITICA DE COOKIES En Codex-U utilizamos cookies con el objetivo de prestar un mejor servicio y proporcionarte una mejor experiencia en tu navegaci\u00f3n. Queremos informarte de manera clara y precisa sobre las cookies que utilizamos, detallando a continuaci\u00f3n qu\u00e9 es una cookie, para qu\u00e9 sirve, qu\u00e9 tipos de cookies utilizamos, cu\u00e1l es su finalidad y [&hellip;]<\/p>","protected":false},"author":1,"featured_media":0,"parent":0,"menu_order":0,"comment_status":"closed","ping_status":"closed","template":"","meta":{"footnotes":""},"class_list":["post-28","page","type-page","status-publish","hentry"],"yoast_head":"<!-- This site is optimized with the Yoast SEO plugin v25.4 - https:\/\/yoast.com\/wordpress\/plugins\/seo\/ -->\n<title>Pol\u00edtica de cookies - Grup Codex-U<\/title>\n<meta name=\"robots\" content=\"index, follow, max-snippet:-1, max-image-preview:large, max-video-preview:-1\" \/>\n<link rel=\"canonical\" href=\"https:\/\/grupcodex.com\/es\/politica-de-cookies\/\" \/>\n<meta property=\"og:locale\" content=\"es_ES\" \/>\n<meta property=\"og:type\" content=\"article\" \/>\n<meta property=\"og:title\" content=\"Pol\u00edtica de cookies - Grup Codex-U\" \/>\n<meta property=\"og:description\" content=\"POLITICA DE COOKIES En Codex-U utilizamos cookies con el objetivo de prestar un mejor servicio y proporcionarte una mejor experiencia en tu navegaci\u00f3n. Queremos informarte de manera clara y precisa sobre las cookies que utilizamos, detallando a continuaci\u00f3n qu\u00e9 es una cookie, para qu\u00e9 sirve, qu\u00e9 tipos de cookies utilizamos, cu\u00e1l es su finalidad y [&hellip;]\" \/>\n<meta property=\"og:url\" content=\"https:\/\/grupcodex.com\/es\/politica-de-cookies\/\" \/>\n<meta property=\"og:site_name\" content=\"Grup Codex-U\" \/>\n<meta property=\"article:modified_time\" content=\"2022-07-13T08:19:19+00:00\" \/>\n<meta name=\"twitter:card\" content=\"summary_large_image\" \/>\n<meta name=\"twitter:label1\" content=\"Tiempo de lectura\" \/>\n\t<meta name=\"twitter:data1\" content=\"4 minutos\" \/>\n<script type=\"application\/ld+json\" class=\"yoast-schema-graph\">{\"@context\":\"https:\/\/schema.org\",\"@graph\":[{\"@type\":\"WebPage\",\"@id\":\"https:\/\/grupcodex.com\/es\/politica-de-cookies\/\",\"url\":\"https:\/\/grupcodex.com\/es\/politica-de-cookies\/\",\"name\":\"Pol\u00edtica de cookies - Grup Codex-U\",\"isPartOf\":{\"@id\":\"https:\/\/grupcodex.com\/#website\"},\"datePublished\":\"2022-07-07T11:08:01+00:00\",\"dateModified\":\"2022-07-13T08:19:19+00:00\",\"breadcrumb\":{\"@id\":\"https:\/\/grupcodex.com\/es\/politica-de-cookies\/#breadcrumb\"},\"inLanguage\":\"es\",\"potentialAction\":[{\"@type\":\"ReadAction\",\"target\":[\"https:\/\/grupcodex.com\/es\/politica-de-cookies\/\"]}]},{\"@type\":\"BreadcrumbList\",\"@id\":\"https:\/\/grupcodex.com\/es\/politica-de-cookies\/#breadcrumb\",\"itemListElement\":[{\"@type\":\"ListItem\",\"position\":1,\"name\":\"Inici\",\"item\":\"https:\/\/grupcodex.com\/\"},{\"@type\":\"ListItem\",\"position\":2,\"name\":\"Pol\u00edtica de cookies\"}]},{\"@type\":\"WebSite\",\"@id\":\"https:\/\/grupcodex.com\/#website\",\"url\":\"https:\/\/grupcodex.com\/\",\"name\":\"Grup Codex-U\",\"description\":\"Mobilitat sostenible i medi ambient\",\"publisher\":{\"@id\":\"https:\/\/grupcodex.com\/#organization\"},\"potentialAction\":[{\"@type\":\"SearchAction\",\"target\":{\"@type\":\"EntryPoint\",\"urlTemplate\":\"https:\/\/grupcodex.com\/?s={search_term_string}\"},\"query-input\":{\"@type\":\"PropertyValueSpecification\",\"valueRequired\":true,\"valueName\":\"search_term_string\"}}],\"inLanguage\":\"es\"},{\"@type\":\"Organization\",\"@id\":\"https:\/\/grupcodex.com\/#organization\",\"name\":\"Grup Codex\",\"url\":\"https:\/\/grupcodex.com\/\",\"logo\":{\"@type\":\"ImageObject\",\"inLanguage\":\"es\",\"@id\":\"https:\/\/grupcodex.com\/#\/schema\/logo\/image\/\",\"url\":\"https:\/\/grupcodex.com\/wp-content\/uploads\/2022\/07\/FAV.png\",\"contentUrl\":\"https:\/\/grupcodex.com\/wp-content\/uploads\/2022\/07\/FAV.png\",\"width\":75,\"height\":75,\"caption\":\"Grup Codex\"},\"image\":{\"@id\":\"https:\/\/grupcodex.com\/#\/schema\/logo\/image\/\"}}]}<\/script>\n<!-- \/ Yoast SEO plugin. -->","yoast_head_json":{"title":"Pol\u00edtica de cookies - Grup Codex-U","robots":{"index":"index","follow":"follow","max-snippet":"max-snippet:-1","max-image-preview":"max-image-preview:large","max-video-preview":"max-video-preview:-1"},"canonical":"https:\/\/grupcodex.com\/es\/politica-de-cookies\/","og_locale":"es_ES","og_type":"article","og_title":"Pol\u00edtica de cookies - Grup Codex-U","og_description":"POLITICA DE COOKIES En Codex-U utilizamos cookies con el objetivo de prestar un mejor servicio y proporcionarte una mejor experiencia en tu navegaci\u00f3n. Queremos informarte de manera clara y precisa sobre las cookies que utilizamos, detallando a continuaci\u00f3n qu\u00e9 es una cookie, para qu\u00e9 sirve, qu\u00e9 tipos de cookies utilizamos, cu\u00e1l es su finalidad y [&hellip;]","og_url":"https:\/\/grupcodex.com\/es\/politica-de-cookies\/","og_site_name":"Grup Codex-U","article_modified_time":"2022-07-13T08:19:19+00:00","twitter_card":"summary_large_image","twitter_misc":{"Tiempo de lectura":"4 minutos"},"schema":{"@context":"https:\/\/schema.org","@graph":[{"@type":"WebPage","@id":"https:\/\/grupcodex.com\/es\/politica-de-cookies\/","url":"https:\/\/grupcodex.com\/es\/politica-de-cookies\/","name":"Pol\u00edtica de cookies - Grup Codex-U","isPartOf":{"@id":"https:\/\/grupcodex.com\/#website"},"datePublished":"2022-07-07T11:08:01+00:00","dateModified":"2022-07-13T08:19:19+00:00","breadcrumb":{"@id":"https:\/\/grupcodex.com\/es\/politica-de-cookies\/#breadcrumb"},"inLanguage":"es","potentialAction":[{"@type":"ReadAction","target":["https:\/\/grupcodex.com\/es\/politica-de-cookies\/"]}]},{"@type":"BreadcrumbList","@id":"https:\/\/grupcodex.com\/es\/politica-de-cookies\/#breadcrumb","itemListElement":[{"@type":"ListItem","position":1,"name":"Inici","item":"https:\/\/grupcodex.com\/"},{"@type":"ListItem","position":2,"name":"Pol\u00edtica de cookies"}]},{"@type":"WebSite","@id":"https:\/\/grupcodex.com\/#website","url":"https:\/\/grupcodex.com\/","name":"Grup Codex-U","description":"Mobilitat sostenible i medi ambient","publisher":{"@id":"https:\/\/grupcodex.com\/#organization"},"potentialAction":[{"@type":"SearchAction","target":{"@type":"EntryPoint","urlTemplate":"https:\/\/grupcodex.com\/?s={search_term_string}"},"query-input":{"@type":"PropertyValueSpecification","valueRequired":true,"valueName":"search_term_string"}}],"inLanguage":"es"},{"@type":"Organization","@id":"https:\/\/grupcodex.com\/#organization","name":"Grup Codex","url":"https:\/\/grupcodex.com\/","logo":{"@type":"ImageObject","inLanguage":"es","@id":"https:\/\/grupcodex.com\/#\/schema\/logo\/image\/","url":"https:\/\/grupcodex.com\/wp-content\/uploads\/2022\/07\/FAV.png","contentUrl":"https:\/\/grupcodex.com\/wp-content\/uploads\/2022\/07\/FAV.png","width":75,"height":75,"caption":"Grup Codex"},"image":{"@id":"https:\/\/grupcodex.com\/#\/schema\/logo\/image\/"}}]}},"_links":{"self":[{"href":"https:\/\/grupcodex.com\/es\/wp-json\/wp\/v2\/pages\/28","targetHints":{"allow":["GET"]}}],"collection":[{"href":"https:\/\/grupcodex.com\/es\/wp-json\/wp\/v2\/pages"}],"about":[{"href":"https:\/\/grupcodex.com\/es\/wp-json\/wp\/v2\/types\/page"}],"author":[{"embeddable":true,"href":"https:\/\/grupcodex.com\/es\/wp-json\/wp\/v2\/users\/1"}],"replies":[{"embeddable":true,"href":"https:\/\/grupcodex.com\/es\/wp-json\/wp\/v2\/comments?post=28"}],"version-history":[{"count":0,"href":"https:\/\/grupcodex.com\/es\/wp-json\/wp\/v2\/pages\/28\/revisions"}],"wp:attachment":[{"href":"https:\/\/grupcodex.com\/es\/wp-json\/wp\/v2\/media?parent=28"}],"curies":[{"name":"wp","href":"https:\/\/api.w.org\/{rel}","templated":true}]}}