{"id":3,"date":"2022-07-04T19:33:40","date_gmt":"2022-07-04T17:33:40","guid":{"rendered":"http:\/\/grupcodex.com\/?page_id=3"},"modified":"2022-09-02T12:42:09","modified_gmt":"2022-09-02T10:42:09","slug":"politica-de-privacitat","status":"publish","type":"page","link":"https:\/\/grupcodex.com\/es\/politica-de-privacitat\/","title":{"rendered":"Pol\u00edtica de privacitat"},"content":{"rendered":"<div data-elementor-type=\"wp-page\" data-elementor-id=\"3\" class=\"elementor elementor-3\" data-elementor-post-type=\"page\">\n\t\t\t\t\t\t<section class=\"elementor-section elementor-top-section elementor-element elementor-element-8634d96 elementor-section-boxed elementor-section-height-default elementor-section-height-default\" data-id=\"8634d96\" data-element_type=\"section\">\n\t\t\t\t\t\t<div class=\"elementor-container elementor-column-gap-default\">\n\t\t\t\t\t<div class=\"elementor-column elementor-col-100 elementor-top-column elementor-element elementor-element-3dd62d3\" data-id=\"3dd62d3\" data-element_type=\"column\">\n\t\t\t<div class=\"elementor-widget-wrap elementor-element-populated\">\n\t\t\t\t\t\t<div class=\"elementor-element elementor-element-660dfce elementor-widget elementor-widget-text-editor\" data-id=\"660dfce\" data-element_type=\"widget\" data-widget_type=\"text-editor.default\">\n\t\t\t\t<div class=\"elementor-widget-container\">\n\t\t\t\t\t\t\t\t\t<h5>POL\u00cdTICA DE PRIVACIDAD<\/h5><p>1.\u00a0<strong>Aviso e informaci\u00f3n legal<\/strong><\/p><p>Este Aviso Legal regula el uso del servicio de la p\u00e1gina web propiedad de <strong>Codex-U <\/strong>con domicilio social en carrer Moss\u00e8n Baldiri Reixac, 54 Baixos con\u00a0<span style=\"color: var( --e-global-color-text ); font-size: 1rem;\">Codex-U 2014, S.L<\/span><span style=\"color: var( --e-global-color-text ); font-size: 1rem;\">\u00a0 C.I.F.\/N.I.F.:B66408444 , tel\u00e9fono de contacto +34 972 20 99 11 y que pone a disposici\u00f3n de los usuarios de internet.<\/span><\/p><p>La utilizaci\u00f3n de la p\u00e1gina web atribuye la condici\u00f3n de usuario de la web (en adelante \u201cUsuario\u201d) e implica la aceptaci\u00f3n plena y sin reservas de todas y cada una de las disposiciones incluidas en esta pol\u00edtica de privacidad des del mismo momento en que el usuario accede a la web.<\/p><p>En consecuencia, el\u00a0 Usuario ha de leer atentamente este texto en cada una de las ocasiones en que se proponga consultar la web ya que el contenido de la misma puede sufrir modificaciones.<\/p><p>2.\u00a0<strong>Objeto<\/strong><\/p><p>Esta web, propiedad de Codex-U ha sido creada y dise\u00f1ada para dar a conocer los servicios y productos de la entidad y permitir el acceso general de todos los usuarios de Internet.<\/p><p>El acceso y\/o uso de la Web atribuye a quien lo realiza la condici\u00f3n de usuario y la aceptaci\u00f3n, sin reservas de ning\u00fan tipo, de todas y cada una de las presentes condiciones generales, as\u00ed como de aquellas otras particulares que, si fuera conveniente, requieran la utilizaci\u00f3n del Portal o de los servicios.<\/p><p>En este sentido, se reserva la facultad de realizar, en cualquier momento y sin necesidad de ning\u00fan preaviso, cualquier modificaci\u00f3n o actualizaci\u00f3n de los contenidos y servicios, de las presentes disposiciones de acceso y uso y, en general, de cuantos elementos integren el dise\u00f1o y configuraci\u00f3n de su web.<\/p><p>3.\u00a0<strong>Condiciones de acceso a la web<\/strong><\/p><p>3.1 Car\u00e1cter de la utilizaci\u00f3n de la web<\/p><p>La web tiene como objetivo establecer un canal de informaci\u00f3n y comunicaci\u00f3n entre la empresa y sus clientes o interesados a trav\u00e9s de Internet pero, a trav\u00e9s de la p\u00e1gina web no se solicitan ni recogen datos de car\u00e1cter personal de nivel de seguridad Alto,<\/p><p>3.2 Informaci\u00f3n veraz.<\/p><p>El Usuario dispone de una direcci\u00f3n de correo electr\u00f3nico donde puede hacer llegar su CV. En todo caso, el Usuario ser\u00e1 en \u00fanico responsable de las manifestaciones falsas o inexactas que realice.<\/p><p>4.\u00a0<strong>Uso de la p\u00e1gina web<\/strong><\/p><p>El usuario se compromete a utilizar la p\u00e1gina web de conformidad con la Ley 15\/1999 de 13 de diciembre, el RD 1720\/2077 de 21 de diciembre, la Ley 34\/2002 de 11 de julio y el resto de normativa complementaria, as\u00ed como con la moral y las buenas costumbres generalmente aceptadas y el orden p\u00fablico.<\/p><p>El Usuario se compromete a no utilizar la informaci\u00f3n sobre actividades o servicios que la p\u00e1gina web pone a su disposici\u00f3n para desarrollar actividades contrarias a las leyes, a la moral o al orden p\u00fablico y, en general, a hacer un uso no conforme con las presentes condiciones generales.<\/p><p>A este efecto, el Usuario se abstendr\u00e1 de utilizar cualquiera de los contenidos con fines o efectos Il\u00edcitos, prohibidos en este texto, lesivos de los derechos e intereses de terceros, o que de cualquier forma puedan da\u00f1ar , inutilizar, sobrecargar, deteriorar o impedir la normal utilizaci\u00f3n de los contenidos de otros Usuarios o de cualquier usuario de Internet (maquinaria y programa).<\/p><p>Los Usuarios responder\u00e1n de los da\u00f1os y perjuicios de toda naturaleza que la empresa propietaria de la web Codex-U pueda sufrir, directa o indirectamente, como consecuencia de incumplimiento de cualquiera de las obligaciones derivadas del uso de la p\u00e1gina web y de esta pol\u00edtica de privacidad.<\/p><p>En particular, y a t\u00edtulo meramente indicativo y no exhaustivo, el Usuario se compromete a no transmitir, difundir o poner a disposici\u00f3n de terceros informaciones, datos, contenidos, mensajes, gr\u00e1ficos, dibujos, archivos de sonido y\/o fotograf\u00edas o im\u00e1genes de la web.<\/p><p>5.\u00a0<strong>Uso del c\u00f3digo fuente<\/strong><\/p><p>El c\u00f3digo fuente, los dise\u00f1os gr\u00e1ficos, las im\u00e1genes, las fotograf\u00edas, las animaciones, el programa, los textos, la informaci\u00f3n y los contenidos que se recogen en la p\u00e1gina web est\u00e1n protegidos por la legislaci\u00f3n espa\u00f1ola y no se permite la reproducci\u00f3n parcial o total del portal, ni su tratamiento inform\u00e1tico, sin el permiso previo y por escrito de sus propietarios.<\/p><p>6.\u00a0<strong>Contenidos de la p\u00e1gina Web<\/strong><\/p><p>Los contenidos de la p\u00e1gina web son puestos a disposici\u00f3n del Usuario para Codex-U, como informaci\u00f3n propia o, si es necesario, de terceros. De esta manera Codex-U pondr\u00e1 los medios razonables a su disposici\u00f3n para que los contenidos incluidos en la p\u00e1gina web sean exactos y est\u00e9n actualizados.<\/p><p>El Usuario se compromete a utilizar los contenidos puestos a disposici\u00f3n en la p\u00e1gina web, entendiendo por estos, sin que esta numeraci\u00f3n tenga car\u00e1cter limitativo, los textos, fotograf\u00edas, gr\u00e1ficos, im\u00e1genes, iconos, tecnolog\u00eda, programa, links y otros contenidos audiovisuales o sonoros, as\u00ed como su dise\u00f1o gr\u00e1fico y c\u00f3digos fuente, de conformidad con la ley, la presente Pol\u00edtica de Privacidad y otros avisos, reglamentos de uso e instrumentos puestos en su conocimiento as\u00ed como la moral y las buenas costumbres, generalmente aceptados, y el orden p\u00fablico. Quedando, por tanto, terminantemente prohibida su utilizaci\u00f3n con fines comerciales, su distribuci\u00f3n, as\u00ed como su modificaci\u00f3n o alteraci\u00f3n.<\/p><p>7.\u00a0<strong>Links o Enlaces<\/strong><\/p><p>La Web podr\u00e1 incluir dentro de sus contenidos, enlaces con los lugares pertenecientes y\/o gestionados por terceros, disponibles a trav\u00e9s de Internet.<\/p><p>La p\u00e1gina Web no asume ninguna responsabilidad derivada de la existencia de enlaces de contenidos externos a este lugar. Estos enlaces o menciones tienen una finalidad que no impliquen el soporte, la aprobaci\u00f3n, comercializaci\u00f3n o relaci\u00f3n alguna entre la p\u00e1gina y las personas o entidades titulares de los lugares donde se encuentran.<\/p><p>8.\u00a0<strong>Protecci\u00f3n de Datos<\/strong><\/p><p>A los efectos de los que dispone la normativa vigente sobre Protecci\u00f3n de Datos de Car\u00e1cter Personal, Codex-U\u00a0 informa al Usuario de la existencia de ficheros automatizados de datos de car\u00e1cter\u00a0 personal creados por la entidad y sobre responsabilidad de la misma, cuya finalizar es realizar el mantenimiento y la gesti\u00f3n de la relaci\u00f3n contractual con sus clientes, el mismo tiene la posibilidad de ejercer, de acuerdo con lo que establece esta normativa, los derechos de acceso, rectificaci\u00f3n, cancelaci\u00f3n y oposici\u00f3n, dirigiendo un escrito a Codex-U, con domicilio carrer Moss\u00e8n Baldiri Reixac, 54 baixos CP17003 con\u00a0<span style=\"color: var( --e-global-color-text ); font-size: 1rem;\">Codex-U 2014, S.L<\/span>., aportando fotocopia del DNI o documentaci\u00f3n alternativa que acredite su identidad.<\/p><p>CODEX-U puede recibir a trav\u00e9s de su correo electr\u00f3nico datos personales para la gesti\u00f3n de candidaturas a puestos de trabajo. Si es necesario, la empresa se compromete a cumplir su obligaci\u00f3n de secreto respecto a los datos de car\u00e1cter personal, a su deber de guardarlos y de destruir, adoptando las medidas de seguridad que impone la legislaci\u00f3n vigente para evitar su alteraci\u00f3n, p\u00e9rdida, tratamiento o acceso no autorizado.<\/p><p>El Usuario que facilita sus datos personales enviando correo electr\u00f3nico con su curr\u00edculum vitae, otorga su consentimiento a CODEX-U para recibir comunicaciones, siempre relacionadas con servicios de la empresa. Si no desea recibir cualquiera de estas comunicaciones podr\u00e1 comunicarlo a la direcci\u00f3n indicada en el apartado 1 de esta cl\u00e1usula, mediante escrito en el cual est\u00e9 la fecha y firma original.<\/p><p>\u00a0<\/p>\t\t\t\t\t\t\t\t<\/div>\n\t\t\t\t<\/div>\n\t\t\t\t\t<\/div>\n\t\t<\/div>\n\t\t\t\t\t<\/div>\n\t\t<\/section>\n\t\t\t\t<\/div>","protected":false},"excerpt":{"rendered":"<p>POL\u00cdTICA DE PRIVACIDAD 1.\u00a0Aviso e informaci\u00f3n legal Este Aviso Legal regula el uso del servicio de la p\u00e1gina web propiedad de Codex-U con domicilio social en carrer Moss\u00e8n Baldiri Reixac, 54 Baixos con\u00a0Codex-U 2014, S.L\u00a0 C.I.F.\/N.I.F.:B66408444 , tel\u00e9fono de contacto +34 972 20 99 11 y que pone a disposici\u00f3n de los usuarios de internet. [&hellip;]<\/p>","protected":false},"author":1,"featured_media":0,"parent":0,"menu_order":0,"comment_status":"closed","ping_status":"closed","template":"","meta":{"footnotes":""},"class_list":["post-3","page","type-page","status-publish","hentry"],"yoast_head":"<!-- This site is optimized with the Yoast SEO plugin v25.4 - https:\/\/yoast.com\/wordpress\/plugins\/seo\/ -->\n<title>Pol\u00edtica de privacitat - Grup Codex-U<\/title>\n<meta name=\"robots\" content=\"index, follow, max-snippet:-1, max-image-preview:large, max-video-preview:-1\" \/>\n<link rel=\"canonical\" href=\"https:\/\/grupcodex.com\/es\/politica-de-privacitat\/\" \/>\n<meta property=\"og:locale\" content=\"es_ES\" \/>\n<meta property=\"og:type\" content=\"article\" \/>\n<meta property=\"og:title\" content=\"Pol\u00edtica de privacitat - Grup Codex-U\" \/>\n<meta property=\"og:description\" content=\"POL\u00cdTICA DE PRIVACIDAD 1.\u00a0Aviso e informaci\u00f3n legal Este Aviso Legal regula el uso del servicio de la p\u00e1gina web propiedad de Codex-U con domicilio social en carrer Moss\u00e8n Baldiri Reixac, 54 Baixos con\u00a0Codex-U 2014, S.L\u00a0 C.I.F.\/N.I.F.:B66408444 , tel\u00e9fono de contacto +34 972 20 99 11 y que pone a disposici\u00f3n de los usuarios de internet. [&hellip;]\" \/>\n<meta property=\"og:url\" content=\"https:\/\/grupcodex.com\/es\/politica-de-privacitat\/\" \/>\n<meta property=\"og:site_name\" content=\"Grup Codex-U\" \/>\n<meta property=\"article:modified_time\" content=\"2022-09-02T10:42:09+00:00\" \/>\n<meta name=\"twitter:card\" content=\"summary_large_image\" \/>\n<meta name=\"twitter:label1\" content=\"Tiempo de lectura\" \/>\n\t<meta name=\"twitter:data1\" content=\"7 minutos\" \/>\n<script type=\"application\/ld+json\" class=\"yoast-schema-graph\">{\"@context\":\"https:\/\/schema.org\",\"@graph\":[{\"@type\":\"WebPage\",\"@id\":\"https:\/\/grupcodex.com\/politica-de-privacitat\/\",\"url\":\"https:\/\/grupcodex.com\/politica-de-privacitat\/\",\"name\":\"Pol\u00edtica de privacitat - Grup Codex-U\",\"isPartOf\":{\"@id\":\"https:\/\/grupcodex.com\/#website\"},\"datePublished\":\"2022-07-04T17:33:40+00:00\",\"dateModified\":\"2022-09-02T10:42:09+00:00\",\"breadcrumb\":{\"@id\":\"https:\/\/grupcodex.com\/politica-de-privacitat\/#breadcrumb\"},\"inLanguage\":\"es\",\"potentialAction\":[{\"@type\":\"ReadAction\",\"target\":[\"https:\/\/grupcodex.com\/politica-de-privacitat\/\"]}]},{\"@type\":\"BreadcrumbList\",\"@id\":\"https:\/\/grupcodex.com\/politica-de-privacitat\/#breadcrumb\",\"itemListElement\":[{\"@type\":\"ListItem\",\"position\":1,\"name\":\"Inici\",\"item\":\"https:\/\/grupcodex.com\/\"},{\"@type\":\"ListItem\",\"position\":2,\"name\":\"Pol\u00edtica de privacitat\"}]},{\"@type\":\"WebSite\",\"@id\":\"https:\/\/grupcodex.com\/#website\",\"url\":\"https:\/\/grupcodex.com\/\",\"name\":\"Grup Codex-U\",\"description\":\"Mobilitat sostenible i medi ambient\",\"publisher\":{\"@id\":\"https:\/\/grupcodex.com\/#organization\"},\"potentialAction\":[{\"@type\":\"SearchAction\",\"target\":{\"@type\":\"EntryPoint\",\"urlTemplate\":\"https:\/\/grupcodex.com\/?s={search_term_string}\"},\"query-input\":{\"@type\":\"PropertyValueSpecification\",\"valueRequired\":true,\"valueName\":\"search_term_string\"}}],\"inLanguage\":\"es\"},{\"@type\":\"Organization\",\"@id\":\"https:\/\/grupcodex.com\/#organization\",\"name\":\"Grup Codex\",\"url\":\"https:\/\/grupcodex.com\/\",\"logo\":{\"@type\":\"ImageObject\",\"inLanguage\":\"es\",\"@id\":\"https:\/\/grupcodex.com\/#\/schema\/logo\/image\/\",\"url\":\"https:\/\/grupcodex.com\/wp-content\/uploads\/2022\/07\/FAV.png\",\"contentUrl\":\"https:\/\/grupcodex.com\/wp-content\/uploads\/2022\/07\/FAV.png\",\"width\":75,\"height\":75,\"caption\":\"Grup Codex\"},\"image\":{\"@id\":\"https:\/\/grupcodex.com\/#\/schema\/logo\/image\/\"}}]}<\/script>\n<!-- \/ Yoast SEO plugin. -->","yoast_head_json":{"title":"Pol\u00edtica de privacitat - Grup Codex-U","robots":{"index":"index","follow":"follow","max-snippet":"max-snippet:-1","max-image-preview":"max-image-preview:large","max-video-preview":"max-video-preview:-1"},"canonical":"https:\/\/grupcodex.com\/es\/politica-de-privacitat\/","og_locale":"es_ES","og_type":"article","og_title":"Pol\u00edtica de privacitat - Grup Codex-U","og_description":"POL\u00cdTICA DE PRIVACIDAD 1.\u00a0Aviso e informaci\u00f3n legal Este Aviso Legal regula el uso del servicio de la p\u00e1gina web propiedad de Codex-U con domicilio social en carrer Moss\u00e8n Baldiri Reixac, 54 Baixos con\u00a0Codex-U 2014, S.L\u00a0 C.I.F.\/N.I.F.:B66408444 , tel\u00e9fono de contacto +34 972 20 99 11 y que pone a disposici\u00f3n de los usuarios de internet. [&hellip;]","og_url":"https:\/\/grupcodex.com\/es\/politica-de-privacitat\/","og_site_name":"Grup Codex-U","article_modified_time":"2022-09-02T10:42:09+00:00","twitter_card":"summary_large_image","twitter_misc":{"Tiempo de lectura":"7 minutos"},"schema":{"@context":"https:\/\/schema.org","@graph":[{"@type":"WebPage","@id":"https:\/\/grupcodex.com\/politica-de-privacitat\/","url":"https:\/\/grupcodex.com\/politica-de-privacitat\/","name":"Pol\u00edtica de privacitat - Grup Codex-U","isPartOf":{"@id":"https:\/\/grupcodex.com\/#website"},"datePublished":"2022-07-04T17:33:40+00:00","dateModified":"2022-09-02T10:42:09+00:00","breadcrumb":{"@id":"https:\/\/grupcodex.com\/politica-de-privacitat\/#breadcrumb"},"inLanguage":"es","potentialAction":[{"@type":"ReadAction","target":["https:\/\/grupcodex.com\/politica-de-privacitat\/"]}]},{"@type":"BreadcrumbList","@id":"https:\/\/grupcodex.com\/politica-de-privacitat\/#breadcrumb","itemListElement":[{"@type":"ListItem","position":1,"name":"Inici","item":"https:\/\/grupcodex.com\/"},{"@type":"ListItem","position":2,"name":"Pol\u00edtica de privacitat"}]},{"@type":"WebSite","@id":"https:\/\/grupcodex.com\/#website","url":"https:\/\/grupcodex.com\/","name":"Grup Codex-U","description":"Mobilitat sostenible i medi ambient","publisher":{"@id":"https:\/\/grupcodex.com\/#organization"},"potentialAction":[{"@type":"SearchAction","target":{"@type":"EntryPoint","urlTemplate":"https:\/\/grupcodex.com\/?s={search_term_string}"},"query-input":{"@type":"PropertyValueSpecification","valueRequired":true,"valueName":"search_term_string"}}],"inLanguage":"es"},{"@type":"Organization","@id":"https:\/\/grupcodex.com\/#organization","name":"Grup Codex","url":"https:\/\/grupcodex.com\/","logo":{"@type":"ImageObject","inLanguage":"es","@id":"https:\/\/grupcodex.com\/#\/schema\/logo\/image\/","url":"https:\/\/grupcodex.com\/wp-content\/uploads\/2022\/07\/FAV.png","contentUrl":"https:\/\/grupcodex.com\/wp-content\/uploads\/2022\/07\/FAV.png","width":75,"height":75,"caption":"Grup Codex"},"image":{"@id":"https:\/\/grupcodex.com\/#\/schema\/logo\/image\/"}}]}},"_links":{"self":[{"href":"https:\/\/grupcodex.com\/es\/wp-json\/wp\/v2\/pages\/3","targetHints":{"allow":["GET"]}}],"collection":[{"href":"https:\/\/grupcodex.com\/es\/wp-json\/wp\/v2\/pages"}],"about":[{"href":"https:\/\/grupcodex.com\/es\/wp-json\/wp\/v2\/types\/page"}],"author":[{"embeddable":true,"href":"https:\/\/grupcodex.com\/es\/wp-json\/wp\/v2\/users\/1"}],"replies":[{"embeddable":true,"href":"https:\/\/grupcodex.com\/es\/wp-json\/wp\/v2\/comments?post=3"}],"version-history":[{"count":0,"href":"https:\/\/grupcodex.com\/es\/wp-json\/wp\/v2\/pages\/3\/revisions"}],"wp:attachment":[{"href":"https:\/\/grupcodex.com\/es\/wp-json\/wp\/v2\/media?parent=3"}],"curies":[{"name":"wp","href":"https:\/\/api.w.org\/{rel}","templated":true}]}}