{"id":34,"date":"2022-07-07T13:08:20","date_gmt":"2022-07-07T11:08:20","guid":{"rendered":"https:\/\/grupcodex.com\/?page_id=34"},"modified":"2022-07-12T10:42:54","modified_gmt":"2022-07-12T08:42:54","slug":"blog","status":"publish","type":"page","link":"https:\/\/grupcodex.com\/es\/blog\/","title":{"rendered":"Blog"},"content":{"rendered":"<div data-elementor-type=\"wp-page\" data-elementor-id=\"34\" class=\"elementor elementor-34\" data-elementor-post-type=\"page\">\n\t\t\t\t\t\t<section class=\"elementor-section elementor-top-section elementor-element elementor-element-7647dd9 elementor-section-full_width elementor-section-height-default elementor-section-height-default\" data-id=\"7647dd9\" data-element_type=\"section\" data-settings=\"{&quot;background_background&quot;:&quot;classic&quot;}\">\n\t\t\t\t\t\t<div class=\"elementor-container elementor-column-gap-default\">\n\t\t\t\t\t<div class=\"elementor-column elementor-col-100 elementor-top-column elementor-element elementor-element-bc15a73\" data-id=\"bc15a73\" data-element_type=\"column\">\n\t\t\t<div class=\"elementor-widget-wrap elementor-element-populated\">\n\t\t\t\t\t\t<div class=\"elementor-element elementor-element-77b5811 elementor-widget elementor-widget-spacer\" data-id=\"77b5811\" data-element_type=\"widget\" data-widget_type=\"spacer.default\">\n\t\t\t\t<div class=\"elementor-widget-container\">\n\t\t\t\t\t\t\t<div class=\"elementor-spacer\">\n\t\t\t<div class=\"elementor-spacer-inner\"><\/div>\n\t\t<\/div>\n\t\t\t\t\t\t<\/div>\n\t\t\t\t<\/div>\n\t\t\t\t\t<\/div>\n\t\t<\/div>\n\t\t\t\t\t<\/div>\n\t\t<\/section>\n\t\t\t\t<section class=\"elementor-section elementor-top-section elementor-element elementor-element-4addaed elementor-section-boxed elementor-section-height-default elementor-section-height-default\" data-id=\"4addaed\" data-element_type=\"section\">\n\t\t\t\t\t\t<div class=\"elementor-container elementor-column-gap-default\">\n\t\t\t\t\t<div class=\"elementor-column elementor-col-100 elementor-top-column elementor-element elementor-element-65b64cb\" data-id=\"65b64cb\" data-element_type=\"column\">\n\t\t\t<div class=\"elementor-widget-wrap elementor-element-populated\">\n\t\t\t\t\t\t<div class=\"elementor-element elementor-element-0e65f79 elementor-invisible elementor-widget elementor-widget-heading\" data-id=\"0e65f79\" data-element_type=\"widget\" data-settings=\"{&quot;_animation&quot;:&quot;zoomIn&quot;}\" data-widget_type=\"heading.default\">\n\t\t\t\t<div class=\"elementor-widget-container\">\n\t\t\t\t\t<h2 class=\"elementor-heading-title elementor-size-default\">BLOG DE NOT\u00cdCIES<\/h2>\t\t\t\t<\/div>\n\t\t\t\t<\/div>\n\t\t\t\t\t<\/div>\n\t\t<\/div>\n\t\t\t\t\t<\/div>\n\t\t<\/section>\n\t\t\t\t<section class=\"elementor-section elementor-top-section elementor-element elementor-element-f191286 elementor-section-boxed elementor-section-height-default elementor-section-height-default\" data-id=\"f191286\" data-element_type=\"section\">\n\t\t\t\t\t\t<div class=\"elementor-container elementor-column-gap-default\">\n\t\t\t\t\t<div class=\"elementor-column elementor-col-100 elementor-top-column elementor-element elementor-element-c86ad84\" data-id=\"c86ad84\" data-element_type=\"column\">\n\t\t\t<div class=\"elementor-widget-wrap elementor-element-populated\">\n\t\t\t\t\t\t<div class=\"elementor-element elementor-element-21d395b elementor-grid-4 elementor-grid-tablet-2 elementor-grid-mobile-1 elementor-posts--thumbnail-top elementor-card-shadow-yes elementor-posts__hover-gradient elementor-widget elementor-widget-posts\" data-id=\"21d395b\" data-element_type=\"widget\" data-settings=\"{&quot;cards_columns&quot;:&quot;4&quot;,&quot;pagination_type&quot;:&quot;numbers&quot;,&quot;cards_columns_tablet&quot;:&quot;2&quot;,&quot;cards_columns_mobile&quot;:&quot;1&quot;,&quot;cards_row_gap&quot;:{&quot;unit&quot;:&quot;px&quot;,&quot;size&quot;:35,&quot;sizes&quot;:[]},&quot;cards_row_gap_tablet&quot;:{&quot;unit&quot;:&quot;px&quot;,&quot;size&quot;:&quot;&quot;,&quot;sizes&quot;:[]},&quot;cards_row_gap_mobile&quot;:{&quot;unit&quot;:&quot;px&quot;,&quot;size&quot;:&quot;&quot;,&quot;sizes&quot;:[]}}\" data-widget_type=\"posts.cards\">\n\t\t\t\t<div class=\"elementor-widget-container\">\n\t\t\t\t\t\t\t<div class=\"elementor-posts-container elementor-posts elementor-posts--skin-cards elementor-grid\" role=\"list\">\n\t\t\t\t<article class=\"elementor-post elementor-grid-item post-682 post type-post status-publish format-standard has-post-thumbnail hentry category-fotonit tag-atp tag-barcelona tag-fotonit tag-proves tag-proves-fotonit tag-rlu\" role=\"listitem\">\n\t\t\t<div class=\"elementor-post__card\">\n\t\t\t\t<a class=\"elementor-post__thumbnail__link\" href=\"https:\/\/grupcodex.com\/es\/aplicacio-de-fotonit-al-real-club-polo-de-barcelona\/\" tabindex=\"-1\" ><div class=\"elementor-post__thumbnail\"><img decoding=\"async\" width=\"300\" height=\"88\" src=\"https:\/\/grupcodex.com\/wp-content\/uploads\/2023\/01\/Fotoni-proves-Real-Club-Polo-de-Barcelona-300x88.jpg\" class=\"attachment-medium size-medium wp-image-687\" alt=\"\" srcset=\"https:\/\/grupcodex.com\/wp-content\/uploads\/2023\/01\/Fotoni-proves-Real-Club-Polo-de-Barcelona-300x88.jpg 300w, https:\/\/grupcodex.com\/wp-content\/uploads\/2023\/01\/Fotoni-proves-Real-Club-Polo-de-Barcelona-1024x302.jpg 1024w, https:\/\/grupcodex.com\/wp-content\/uploads\/2023\/01\/Fotoni-proves-Real-Club-Polo-de-Barcelona-768x226.jpg 768w, https:\/\/grupcodex.com\/wp-content\/uploads\/2023\/01\/Fotoni-proves-Real-Club-Polo-de-Barcelona-1536x452.jpg 1536w, https:\/\/grupcodex.com\/wp-content\/uploads\/2023\/01\/Fotoni-proves-Real-Club-Polo-de-Barcelona-2048x603.jpg 2048w, https:\/\/grupcodex.com\/wp-content\/uploads\/2023\/01\/Fotoni-proves-Real-Club-Polo-de-Barcelona-18x5.jpg 18w\" sizes=\"(max-width: 300px) 100vw, 300px\" \/><\/div><\/a>\n\t\t\t\t<div class=\"elementor-post__text\">\n\t\t\t\t<h3 class=\"elementor-post__title\">\n\t\t\t<a href=\"https:\/\/grupcodex.com\/es\/aplicacio-de-fotonit-al-real-club-polo-de-barcelona\/\" >\n\t\t\t\tAplicaci\u00f3 de Fotonit al Real Club Polo de Barcelona\t\t\t<\/a>\n\t\t<\/h3>\n\t\t\t\t<div class=\"elementor-post__excerpt\">\n\t\t\t<p>Es va realitzar l&#8217;aplicaci\u00f3 de FOTONIT a diferents depend\u00e8ncies de Real Club de Pol de Barcelona al desembre de 2021.<\/p>\n\t\t<\/div>\n\t\t\n\t\t<a class=\"elementor-post__read-more\" href=\"https:\/\/grupcodex.com\/es\/aplicacio-de-fotonit-al-real-club-polo-de-barcelona\/\" aria-label=\"M\u00e1s informaci\u00f3n sobre Aplicaci\u00f3 de Fotonit al Real Club Polo de Barcelona\" tabindex=\"-1\" >\n\t\t\t LEER M\u00c1S \u00bb\t\t<\/a>\n\n\t\t\t\t<\/div>\n\t\t\t\t<div class=\"elementor-post__meta-data\">\n\t\t\t\t\t<span class=\"elementor-post-date\">\n\t\t\t01\/03\/2023\t\t<\/span>\n\t\t\t\t<\/div>\n\t\t\t\t\t<\/div>\n\t\t<\/article>\n\t\t\t\t<article class=\"elementor-post elementor-grid-item post-667 post type-post status-publish format-standard has-post-thumbnail hentry category-nanoksi tag-desinfeccio tag-mcdonalds tag-nanoksi tag-proves tag-restaurant\" role=\"listitem\">\n\t\t\t<div class=\"elementor-post__card\">\n\t\t\t\t<a class=\"elementor-post__thumbnail__link\" href=\"https:\/\/grupcodex.com\/es\/nanoksi-fa-les-proves-a-un-mcdonalds\/\" tabindex=\"-1\" ><div class=\"elementor-post__thumbnail\"><img fetchpriority=\"high\" decoding=\"async\" width=\"300\" height=\"169\" src=\"https:\/\/grupcodex.com\/wp-content\/uploads\/2022\/11\/wwwwhmxvahgu672i3hxp-300x169.webp\" class=\"attachment-medium size-medium wp-image-668\" alt=\"Pruebas de desinfeccio\u0301n con Nanoksi en McDonald&#039;s\" srcset=\"https:\/\/grupcodex.com\/wp-content\/uploads\/2022\/11\/wwwwhmxvahgu672i3hxp-300x169.webp 300w, https:\/\/grupcodex.com\/wp-content\/uploads\/2022\/11\/wwwwhmxvahgu672i3hxp-1024x576.webp 1024w, https:\/\/grupcodex.com\/wp-content\/uploads\/2022\/11\/wwwwhmxvahgu672i3hxp-768x432.webp 768w, https:\/\/grupcodex.com\/wp-content\/uploads\/2022\/11\/wwwwhmxvahgu672i3hxp-18x10.webp 18w, https:\/\/grupcodex.com\/wp-content\/uploads\/2022\/11\/wwwwhmxvahgu672i3hxp.webp 1200w\" sizes=\"(max-width: 300px) 100vw, 300px\" \/><\/div><\/a>\n\t\t\t\t<div class=\"elementor-post__text\">\n\t\t\t\t<h3 class=\"elementor-post__title\">\n\t\t\t<a href=\"https:\/\/grupcodex.com\/es\/nanoksi-fa-les-proves-a-un-mcdonalds\/\" >\n\t\t\t\tNanoksi fa les proves a un McDonald\u2019s\t\t\t<\/a>\n\t\t<\/h3>\n\t\t\t\t<div class=\"elementor-post__excerpt\">\n\t\t\t<p>Les proves que va realitzar Nanoksi Espanya a un local de McDonald&#8217;s van ser un \u00e8xit. Els text d&#8217;ATP \u00e9s<\/p>\n\t\t<\/div>\n\t\t\n\t\t<a class=\"elementor-post__read-more\" href=\"https:\/\/grupcodex.com\/es\/nanoksi-fa-les-proves-a-un-mcdonalds\/\" aria-label=\"M\u00e1s informaci\u00f3n sobre Nanoksi fa les proves a un McDonald\u2019s\" tabindex=\"-1\" >\n\t\t\t LEER M\u00c1S \u00bb\t\t<\/a>\n\n\t\t\t\t<\/div>\n\t\t\t\t<div class=\"elementor-post__meta-data\">\n\t\t\t\t\t<span class=\"elementor-post-date\">\n\t\t\t11\/10\/2022\t\t<\/span>\n\t\t\t\t<\/div>\n\t\t\t\t\t<\/div>\n\t\t<\/article>\n\t\t\t\t<article class=\"elementor-post elementor-grid-item post-658 post type-post status-publish format-standard has-post-thumbnail hentry category-nanoksi tag-barcelona tag-nanoksi tag-porves-datp tag-proves-nanoksi tag-real-club-de-polo-barcelona\" role=\"listitem\">\n\t\t\t<div class=\"elementor-post__card\">\n\t\t\t\t<a class=\"elementor-post__thumbnail__link\" href=\"https:\/\/grupcodex.com\/es\/proves-de-nanoksi-al-real-club-polo-de-barcelona\/\" tabindex=\"-1\" ><div class=\"elementor-post__thumbnail\"><img decoding=\"async\" width=\"300\" height=\"88\" src=\"https:\/\/grupcodex.com\/wp-content\/uploads\/2022\/10\/Fotonit-Grup-Codex-Real-Club-de-Polo-Barcelona-1-300x88.png\" class=\"attachment-medium size-medium wp-image-661\" alt=\"NanoksiGrup Codex Real Club de Polo Barcelona\" srcset=\"https:\/\/grupcodex.com\/wp-content\/uploads\/2022\/10\/Fotonit-Grup-Codex-Real-Club-de-Polo-Barcelona-1-300x88.png 300w, https:\/\/grupcodex.com\/wp-content\/uploads\/2022\/10\/Fotonit-Grup-Codex-Real-Club-de-Polo-Barcelona-1-1024x302.png 1024w, https:\/\/grupcodex.com\/wp-content\/uploads\/2022\/10\/Fotonit-Grup-Codex-Real-Club-de-Polo-Barcelona-1-768x226.png 768w, https:\/\/grupcodex.com\/wp-content\/uploads\/2022\/10\/Fotonit-Grup-Codex-Real-Club-de-Polo-Barcelona-1-1536x452.png 1536w, https:\/\/grupcodex.com\/wp-content\/uploads\/2022\/10\/Fotonit-Grup-Codex-Real-Club-de-Polo-Barcelona-1-18x5.png 18w, https:\/\/grupcodex.com\/wp-content\/uploads\/2022\/10\/Fotonit-Grup-Codex-Real-Club-de-Polo-Barcelona-1.png 1935w\" sizes=\"(max-width: 300px) 100vw, 300px\" \/><\/div><\/a>\n\t\t\t\t<div class=\"elementor-post__text\">\n\t\t\t\t<h3 class=\"elementor-post__title\">\n\t\t\t<a href=\"https:\/\/grupcodex.com\/es\/proves-de-nanoksi-al-real-club-polo-de-barcelona\/\" >\n\t\t\t\tProves de Nanoksi al Real Club Polo de Barcelona\t\t\t<\/a>\n\t\t<\/h3>\n\t\t\t\t<div class=\"elementor-post__excerpt\">\n\t\t\t<p>Proves d&#8217;ATP realitzades per Nanoksi Espanya per demostrar com el recobriment pot ajudar en els procediments de neteja al Real<\/p>\n\t\t<\/div>\n\t\t\n\t\t<a class=\"elementor-post__read-more\" href=\"https:\/\/grupcodex.com\/es\/proves-de-nanoksi-al-real-club-polo-de-barcelona\/\" aria-label=\"M\u00e1s informaci\u00f3n sobre Proves de Nanoksi al Real Club Polo de Barcelona\" tabindex=\"-1\" >\n\t\t\t LEER M\u00c1S \u00bb\t\t<\/a>\n\n\t\t\t\t<\/div>\n\t\t\t\t<div class=\"elementor-post__meta-data\">\n\t\t\t\t\t<span class=\"elementor-post-date\">\n\t\t\t10\/21\/2022\t\t<\/span>\n\t\t\t\t<\/div>\n\t\t\t\t\t<\/div>\n\t\t<\/article>\n\t\t\t\t<article class=\"elementor-post elementor-grid-item post-655 post type-post status-publish format-standard has-post-thumbnail hentry category-uncategorized tag-empreses tag-grup-codex tag-osona tag-surfashield tag-torello tag-vall-de-ges-iniciatives\" role=\"listitem\">\n\t\t\t<div class=\"elementor-post__card\">\n\t\t\t\t<a class=\"elementor-post__thumbnail__link\" href=\"https:\/\/grupcodex.com\/es\/tractament-amb-surfashield-ng\/\" tabindex=\"-1\" ><div class=\"elementor-post__thumbnail\"><img loading=\"lazy\" decoding=\"async\" width=\"300\" height=\"88\" src=\"https:\/\/grupcodex.com\/wp-content\/uploads\/2022\/10\/Grup-Codex-Surfashield-nG-Empresa-Vall-de-Ges-Iniciatives-Torello\u0301-300x88.png\" class=\"attachment-medium size-medium wp-image-656\" alt=\"Grup Codex Surfashield nG Empresa Vall de Ges Iniciatives Torello\u0301\" srcset=\"https:\/\/grupcodex.com\/wp-content\/uploads\/2022\/10\/Grup-Codex-Surfashield-nG-Empresa-Vall-de-Ges-Iniciatives-Torello\u0301-300x88.png 300w, https:\/\/grupcodex.com\/wp-content\/uploads\/2022\/10\/Grup-Codex-Surfashield-nG-Empresa-Vall-de-Ges-Iniciatives-Torello\u0301-1024x302.png 1024w, https:\/\/grupcodex.com\/wp-content\/uploads\/2022\/10\/Grup-Codex-Surfashield-nG-Empresa-Vall-de-Ges-Iniciatives-Torello\u0301-768x226.png 768w, https:\/\/grupcodex.com\/wp-content\/uploads\/2022\/10\/Grup-Codex-Surfashield-nG-Empresa-Vall-de-Ges-Iniciatives-Torello\u0301-1536x452.png 1536w, https:\/\/grupcodex.com\/wp-content\/uploads\/2022\/10\/Grup-Codex-Surfashield-nG-Empresa-Vall-de-Ges-Iniciatives-Torello\u0301-18x5.png 18w, https:\/\/grupcodex.com\/wp-content\/uploads\/2022\/10\/Grup-Codex-Surfashield-nG-Empresa-Vall-de-Ges-Iniciatives-Torello\u0301.png 1935w\" sizes=\"(max-width: 300px) 100vw, 300px\" \/><\/div><\/a>\n\t\t\t\t<div class=\"elementor-post__text\">\n\t\t\t\t<h3 class=\"elementor-post__title\">\n\t\t\t<a href=\"https:\/\/grupcodex.com\/es\/tractament-amb-surfashield-ng\/\" >\n\t\t\t\tEn qu\u00e8 consisteix el tractament amb Surfashield nG?\t\t\t<\/a>\n\t\t<\/h3>\n\t\t\t\t<div class=\"elementor-post__excerpt\">\n\t\t\t<p>Aplicaci\u00f3 de nanorecobriment fotocatal\u00edtic SurfaShield nG en instal\u00b7laci\u00f3 d&#8217;autoconsum solar a coberta de client Vall de Ges Iniciatives, a Torell\u00f3<\/p>\n\t\t<\/div>\n\t\t\n\t\t<a class=\"elementor-post__read-more\" href=\"https:\/\/grupcodex.com\/es\/tractament-amb-surfashield-ng\/\" aria-label=\"M\u00e1s informaci\u00f3n sobre En qu\u00e8 consisteix el tractament amb Surfashield nG?\" tabindex=\"-1\" >\n\t\t\t LEER M\u00c1S \u00bb\t\t<\/a>\n\n\t\t\t\t<\/div>\n\t\t\t\t<div class=\"elementor-post__meta-data\">\n\t\t\t\t\t<span class=\"elementor-post-date\">\n\t\t\t10\/15\/2022\t\t<\/span>\n\t\t\t\t<\/div>\n\t\t\t\t\t<\/div>\n\t\t<\/article>\n\t\t\t\t<article class=\"elementor-post elementor-grid-item post-650 post type-post status-publish format-standard has-post-thumbnail hentry category-pureti tag-bungalows tag-campings tag-costa-brava tag-la-ballena-alegre tag-pureti\" role=\"listitem\">\n\t\t\t<div class=\"elementor-post__card\">\n\t\t\t\t<a class=\"elementor-post__thumbnail__link\" href=\"https:\/\/grupcodex.com\/es\/prova-pureti-al-camping-la-ballena-alegre-de-la-costa-brava\/\" tabindex=\"-1\" ><div class=\"elementor-post__thumbnail\"><img loading=\"lazy\" decoding=\"async\" width=\"300\" height=\"86\" src=\"https:\/\/grupcodex.com\/wp-content\/uploads\/2022\/10\/Pureti-Camping-La-Ballena-Alegre-Costa-Brava-300x86.png\" class=\"attachment-medium size-medium wp-image-651\" alt=\"\" srcset=\"https:\/\/grupcodex.com\/wp-content\/uploads\/2022\/10\/Pureti-Camping-La-Ballena-Alegre-Costa-Brava-300x86.png 300w, https:\/\/grupcodex.com\/wp-content\/uploads\/2022\/10\/Pureti-Camping-La-Ballena-Alegre-Costa-Brava-1024x292.png 1024w, https:\/\/grupcodex.com\/wp-content\/uploads\/2022\/10\/Pureti-Camping-La-Ballena-Alegre-Costa-Brava-768x219.png 768w, https:\/\/grupcodex.com\/wp-content\/uploads\/2022\/10\/Pureti-Camping-La-Ballena-Alegre-Costa-Brava-1536x438.png 1536w, https:\/\/grupcodex.com\/wp-content\/uploads\/2022\/10\/Pureti-Camping-La-Ballena-Alegre-Costa-Brava-18x5.png 18w, https:\/\/grupcodex.com\/wp-content\/uploads\/2022\/10\/Pureti-Camping-La-Ballena-Alegre-Costa-Brava.png 2000w\" sizes=\"(max-width: 300px) 100vw, 300px\" \/><\/div><\/a>\n\t\t\t\t<div class=\"elementor-post__text\">\n\t\t\t\t<h3 class=\"elementor-post__title\">\n\t\t\t<a href=\"https:\/\/grupcodex.com\/es\/prova-pureti-al-camping-la-ballena-alegre-de-la-costa-brava\/\" >\n\t\t\t\tProva Pureti al C\u00e0mping La Ballena Alegre de la Costa Brava\t\t\t<\/a>\n\t\t<\/h3>\n\t\t\t\t<div class=\"elementor-post__excerpt\">\n\t\t\t<p>Posem a prova el tractament PURETI al c\u00e0mping La Ballena Alegre &amp; Bungalow Resort, a Sant Pere Pescador, de la<\/p>\n\t\t<\/div>\n\t\t\n\t\t<a class=\"elementor-post__read-more\" href=\"https:\/\/grupcodex.com\/es\/prova-pureti-al-camping-la-ballena-alegre-de-la-costa-brava\/\" aria-label=\"M\u00e1s informaci\u00f3n sobre Prova Pureti al C\u00e0mping La Ballena Alegre de la Costa Brava\" tabindex=\"-1\" >\n\t\t\t LEER M\u00c1S \u00bb\t\t<\/a>\n\n\t\t\t\t<\/div>\n\t\t\t\t<div class=\"elementor-post__meta-data\">\n\t\t\t\t\t<span class=\"elementor-post-date\">\n\t\t\t10\/04\/2022\t\t<\/span>\n\t\t\t\t<\/div>\n\t\t\t\t\t<\/div>\n\t\t<\/article>\n\t\t\t\t<article class=\"elementor-post elementor-grid-item post-1 post type-post status-publish format-standard has-post-thumbnail hentry category-pureti tag-contaminacio-de-laire tag-iscape tag-living-labs tag-pureti tag-tecnologia-fotovoltcaica tag-unio-europea\" role=\"listitem\">\n\t\t\t<div class=\"elementor-post__card\">\n\t\t\t\t<a class=\"elementor-post__thumbnail__link\" href=\"https:\/\/grupcodex.com\/es\/pureti-guanyadors-del-projecte-iscape-de-la-unio-europea\/\" tabindex=\"-1\" ><div class=\"elementor-post__thumbnail\"><img loading=\"lazy\" decoding=\"async\" width=\"300\" height=\"131\" src=\"https:\/\/grupcodex.com\/wp-content\/uploads\/2022\/07\/blogentrada-300x131.jpg\" class=\"attachment-medium size-medium wp-image-347\" alt=\"\" srcset=\"https:\/\/grupcodex.com\/wp-content\/uploads\/2022\/07\/blogentrada-300x131.jpg 300w, https:\/\/grupcodex.com\/wp-content\/uploads\/2022\/07\/blogentrada-1024x447.jpg 1024w, https:\/\/grupcodex.com\/wp-content\/uploads\/2022\/07\/blogentrada-768x335.jpg 768w, https:\/\/grupcodex.com\/wp-content\/uploads\/2022\/07\/blogentrada-1536x670.jpg 1536w, https:\/\/grupcodex.com\/wp-content\/uploads\/2022\/07\/blogentrada.jpg 1800w\" sizes=\"(max-width: 300px) 100vw, 300px\" \/><\/div><\/a>\n\t\t\t\t<div class=\"elementor-post__text\">\n\t\t\t\t<h3 class=\"elementor-post__title\">\n\t\t\t<a href=\"https:\/\/grupcodex.com\/es\/pureti-guanyadors-del-projecte-iscape-de-la-unio-europea\/\" >\n\t\t\t\tPureti: guanyadors del projecte iSCAPE de la Uni\u00f3 Europea\t\t\t<\/a>\n\t\t<\/h3>\n\t\t\t\t<div class=\"elementor-post__excerpt\">\n\t\t\t<p>iSCAPE es el proyecto m\u00e1s ambicioso de la Uni\u00f3n Europea para descontaminar ciudades de Europa con tecnolog\u00eda fotocatal\u00edtica. Esto es limpieza<\/p>\n\t\t<\/div>\n\t\t\n\t\t<a class=\"elementor-post__read-more\" href=\"https:\/\/grupcodex.com\/es\/pureti-guanyadors-del-projecte-iscape-de-la-unio-europea\/\" aria-label=\"M\u00e1s informaci\u00f3n sobre Pureti: guanyadors del projecte iSCAPE de la Uni\u00f3 Europea\" tabindex=\"-1\" >\n\t\t\t LEER M\u00c1S \u00bb\t\t<\/a>\n\n\t\t\t\t<\/div>\n\t\t\t\t<div class=\"elementor-post__meta-data\">\n\t\t\t\t\t<span class=\"elementor-post-date\">\n\t\t\t07\/04\/2022\t\t<\/span>\n\t\t\t\t<\/div>\n\t\t\t\t\t<\/div>\n\t\t<\/article>\n\t\t\t\t<\/div>\n\t\t\n\t\t\t\t\t\t<\/div>\n\t\t\t\t<\/div>\n\t\t\t\t\t<\/div>\n\t\t<\/div>\n\t\t\t\t\t<\/div>\n\t\t<\/section>\n\t\t\t\t<\/div>","protected":false},"excerpt":{"rendered":"<p>BLOG DE NOT\u00cdCIES<\/p>","protected":false},"author":1,"featured_media":0,"parent":0,"menu_order":0,"comment_status":"closed","ping_status":"closed","template":"","meta":{"footnotes":""},"class_list":["post-34","page","type-page","status-publish","hentry"],"yoast_head":"<!-- This site is optimized with the Yoast SEO plugin v25.4 - https:\/\/yoast.com\/wordpress\/plugins\/seo\/ -->\n<title>Blog - Grup Codex-U<\/title>\n<meta name=\"robots\" content=\"index, follow, max-snippet:-1, max-image-preview:large, max-video-preview:-1\" \/>\n<link rel=\"canonical\" href=\"https:\/\/grupcodex.com\/es\/blog\/\" \/>\n<meta property=\"og:locale\" content=\"es_ES\" \/>\n<meta property=\"og:type\" content=\"article\" \/>\n<meta property=\"og:title\" content=\"Blog - Grup Codex-U\" \/>\n<meta property=\"og:description\" content=\"BLOG DE NOT\u00cdCIES\" \/>\n<meta property=\"og:url\" content=\"https:\/\/grupcodex.com\/es\/blog\/\" \/>\n<meta property=\"og:site_name\" content=\"Grup Codex-U\" \/>\n<meta property=\"article:modified_time\" content=\"2022-07-12T08:42:54+00:00\" \/>\n<meta name=\"twitter:card\" content=\"summary_large_image\" \/>\n<script type=\"application\/ld+json\" class=\"yoast-schema-graph\">{\"@context\":\"https:\/\/schema.org\",\"@graph\":[{\"@type\":\"WebPage\",\"@id\":\"https:\/\/grupcodex.com\/blog\/\",\"url\":\"https:\/\/grupcodex.com\/blog\/\",\"name\":\"Blog - Grup Codex-U\",\"isPartOf\":{\"@id\":\"https:\/\/grupcodex.com\/#website\"},\"datePublished\":\"2022-07-07T11:08:20+00:00\",\"dateModified\":\"2022-07-12T08:42:54+00:00\",\"breadcrumb\":{\"@id\":\"https:\/\/grupcodex.com\/blog\/#breadcrumb\"},\"inLanguage\":\"es\",\"potentialAction\":[{\"@type\":\"ReadAction\",\"target\":[\"https:\/\/grupcodex.com\/blog\/\"]}]},{\"@type\":\"BreadcrumbList\",\"@id\":\"https:\/\/grupcodex.com\/blog\/#breadcrumb\",\"itemListElement\":[{\"@type\":\"ListItem\",\"position\":1,\"name\":\"Inici\",\"item\":\"https:\/\/grupcodex.com\/\"},{\"@type\":\"ListItem\",\"position\":2,\"name\":\"Blog\"}]},{\"@type\":\"WebSite\",\"@id\":\"https:\/\/grupcodex.com\/#website\",\"url\":\"https:\/\/grupcodex.com\/\",\"name\":\"Grup Codex-U\",\"description\":\"Mobilitat sostenible i medi ambient\",\"publisher\":{\"@id\":\"https:\/\/grupcodex.com\/#organization\"},\"potentialAction\":[{\"@type\":\"SearchAction\",\"target\":{\"@type\":\"EntryPoint\",\"urlTemplate\":\"https:\/\/grupcodex.com\/?s={search_term_string}\"},\"query-input\":{\"@type\":\"PropertyValueSpecification\",\"valueRequired\":true,\"valueName\":\"search_term_string\"}}],\"inLanguage\":\"es\"},{\"@type\":\"Organization\",\"@id\":\"https:\/\/grupcodex.com\/#organization\",\"name\":\"Grup Codex\",\"url\":\"https:\/\/grupcodex.com\/\",\"logo\":{\"@type\":\"ImageObject\",\"inLanguage\":\"es\",\"@id\":\"https:\/\/grupcodex.com\/#\/schema\/logo\/image\/\",\"url\":\"https:\/\/grupcodex.com\/wp-content\/uploads\/2022\/07\/FAV.png\",\"contentUrl\":\"https:\/\/grupcodex.com\/wp-content\/uploads\/2022\/07\/FAV.png\",\"width\":75,\"height\":75,\"caption\":\"Grup Codex\"},\"image\":{\"@id\":\"https:\/\/grupcodex.com\/#\/schema\/logo\/image\/\"}}]}<\/script>\n<!-- \/ Yoast SEO plugin. -->","yoast_head_json":{"title":"Blog - Grup Codex-U","robots":{"index":"index","follow":"follow","max-snippet":"max-snippet:-1","max-image-preview":"max-image-preview:large","max-video-preview":"max-video-preview:-1"},"canonical":"https:\/\/grupcodex.com\/es\/blog\/","og_locale":"es_ES","og_type":"article","og_title":"Blog - Grup Codex-U","og_description":"BLOG DE NOT\u00cdCIES","og_url":"https:\/\/grupcodex.com\/es\/blog\/","og_site_name":"Grup Codex-U","article_modified_time":"2022-07-12T08:42:54+00:00","twitter_card":"summary_large_image","schema":{"@context":"https:\/\/schema.org","@graph":[{"@type":"WebPage","@id":"https:\/\/grupcodex.com\/blog\/","url":"https:\/\/grupcodex.com\/blog\/","name":"Blog - Grup Codex-U","isPartOf":{"@id":"https:\/\/grupcodex.com\/#website"},"datePublished":"2022-07-07T11:08:20+00:00","dateModified":"2022-07-12T08:42:54+00:00","breadcrumb":{"@id":"https:\/\/grupcodex.com\/blog\/#breadcrumb"},"inLanguage":"es","potentialAction":[{"@type":"ReadAction","target":["https:\/\/grupcodex.com\/blog\/"]}]},{"@type":"BreadcrumbList","@id":"https:\/\/grupcodex.com\/blog\/#breadcrumb","itemListElement":[{"@type":"ListItem","position":1,"name":"Inici","item":"https:\/\/grupcodex.com\/"},{"@type":"ListItem","position":2,"name":"Blog"}]},{"@type":"WebSite","@id":"https:\/\/grupcodex.com\/#website","url":"https:\/\/grupcodex.com\/","name":"Grup Codex-U","description":"Mobilitat sostenible i medi ambient","publisher":{"@id":"https:\/\/grupcodex.com\/#organization"},"potentialAction":[{"@type":"SearchAction","target":{"@type":"EntryPoint","urlTemplate":"https:\/\/grupcodex.com\/?s={search_term_string}"},"query-input":{"@type":"PropertyValueSpecification","valueRequired":true,"valueName":"search_term_string"}}],"inLanguage":"es"},{"@type":"Organization","@id":"https:\/\/grupcodex.com\/#organization","name":"Grup Codex","url":"https:\/\/grupcodex.com\/","logo":{"@type":"ImageObject","inLanguage":"es","@id":"https:\/\/grupcodex.com\/#\/schema\/logo\/image\/","url":"https:\/\/grupcodex.com\/wp-content\/uploads\/2022\/07\/FAV.png","contentUrl":"https:\/\/grupcodex.com\/wp-content\/uploads\/2022\/07\/FAV.png","width":75,"height":75,"caption":"Grup Codex"},"image":{"@id":"https:\/\/grupcodex.com\/#\/schema\/logo\/image\/"}}]}},"_links":{"self":[{"href":"https:\/\/grupcodex.com\/es\/wp-json\/wp\/v2\/pages\/34","targetHints":{"allow":["GET"]}}],"collection":[{"href":"https:\/\/grupcodex.com\/es\/wp-json\/wp\/v2\/pages"}],"about":[{"href":"https:\/\/grupcodex.com\/es\/wp-json\/wp\/v2\/types\/page"}],"author":[{"embeddable":true,"href":"https:\/\/grupcodex.com\/es\/wp-json\/wp\/v2\/users\/1"}],"replies":[{"embeddable":true,"href":"https:\/\/grupcodex.com\/es\/wp-json\/wp\/v2\/comments?post=34"}],"version-history":[{"count":0,"href":"https:\/\/grupcodex.com\/es\/wp-json\/wp\/v2\/pages\/34\/revisions"}],"wp:attachment":[{"href":"https:\/\/grupcodex.com\/es\/wp-json\/wp\/v2\/media?parent=34"}],"curies":[{"name":"wp","href":"https:\/\/api.w.org\/{rel}","templated":true}]}}